{"id":254,"date":"2023-06-05T06:28:21","date_gmt":"2023-06-05T11:28:21","guid":{"rendered":"https:\/\/faroguides.com\/?post_type=product&#038;p=254"},"modified":"2023-07-13T06:57:04","modified_gmt":"2023-07-13T11:57:04","slug":"plaza-botero","status":"publish","type":"product","link":"https:\/\/faroguides.com\/en\/product\/plaza-botero\/","title":{"rendered":"Plaza Botero"},"content":{"rendered":"<p><span style=\"font-weight: 400;\">Recorre este espacio para conocer c\u00f3mo naci\u00f3 la idea de este lugar para la cultura con la obra de uno de los m\u00e1s destacados artistas antioque\u00f1os.<\/span><\/p>\n<div class=\"uncode_text_column\">\n<p>Explora este lugar a tu ritmo escuchando las historias que tenemos para ti.<\/p>\n<\/div>\n<p><strong>Audio duration:\u00a0<\/strong>15 minutes<\/p>\n<p><strong>Languages:<\/strong>\u00a0Spanish<\/p>","protected":false},"excerpt":{"rendered":"<p>Recorre este espacio para conocer c\u00f3mo naci\u00f3 la idea de este lugar para la cultura con la obra de uno de los m\u00e1s destacados artistas antioque\u00f1os. Explora este lugar a tu ritmo escuchando las historias que tenemos para ti. Duraci\u00f3n del audio:\u00a015 minutos Idiomas:\u00a0Espa\u00f1ol<\/p>","protected":false},"featured_media":435,"comment_status":"open","ping_status":"closed","template":"","meta":[],"product_cat":[29],"product_tag":[31,32],"class_list":{"0":"post-254","1":"product","2":"type-product","3":"status-publish","4":"has-post-thumbnail","6":"product_cat-audioguia","7":"product_tag-espanol","8":"product_tag-spanish","10":"first","11":"instock","12":"downloadable","13":"virtual","14":"purchasable","15":"product-type-simple"},"_links":{"self":[{"href":"https:\/\/faroguides.com\/en\/wp-json\/wp\/v2\/product\/254","targetHints":{"allow":["GET"]}}],"collection":[{"href":"https:\/\/faroguides.com\/en\/wp-json\/wp\/v2\/product"}],"about":[{"href":"https:\/\/faroguides.com\/en\/wp-json\/wp\/v2\/types\/product"}],"replies":[{"embeddable":true,"href":"https:\/\/faroguides.com\/en\/wp-json\/wp\/v2\/comments?post=254"}],"wp:featuredmedia":[{"embeddable":true,"href":"https:\/\/faroguides.com\/en\/wp-json\/wp\/v2\/media\/435"}],"wp:attachment":[{"href":"https:\/\/faroguides.com\/en\/wp-json\/wp\/v2\/media?parent=254"}],"wp:term":[{"taxonomy":"product_cat","embeddable":true,"href":"https:\/\/faroguides.com\/en\/wp-json\/wp\/v2\/product_cat?post=254"},{"taxonomy":"product_tag","embeddable":true,"href":"https:\/\/faroguides.com\/en\/wp-json\/wp\/v2\/product_tag?post=254"}],"curies":[{"name":"wp","href":"https:\/\/api.w.org\/{rel}","templated":true}]}}