{"id":437,"date":"2023-06-09T17:06:05","date_gmt":"2023-06-09T22:06:05","guid":{"rendered":"https:\/\/faroguides.com\/?post_type=product&#038;p=437"},"modified":"2023-07-13T07:00:14","modified_gmt":"2023-07-13T12:00:14","slug":"junin","status":"publish","type":"product","link":"https:\/\/faroguides.com\/en\/product\/junin\/","title":{"rendered":"Jun\u00edn"},"content":{"rendered":"<p><span style=\"font-weight: 400;\">Esta audiogu\u00eda te llevar\u00e1 desde el Parque Berr\u00edo hasta el Parque Bol\u00edvar donde est\u00e1 la Bas\u00edlica Metropolitana, conociendo lo que significa la palabra juninear. <\/span><\/p>","protected":false},"excerpt":{"rendered":"<p>Esta audiogu\u00eda te llevar\u00e1 desde el Parque Berr\u00edo hasta el Parque Bol\u00edvar donde est\u00e1 la Bas\u00edlica Metropolitana, conociendo lo que significa la palabra juninear.<\/p>","protected":false},"featured_media":818,"comment_status":"open","ping_status":"closed","template":"","meta":[],"product_cat":[29],"product_tag":[],"class_list":{"0":"post-437","1":"product","2":"type-product","3":"status-publish","4":"has-post-thumbnail","6":"product_cat-audioguia","8":"first","9":"instock","10":"downloadable","11":"virtual","12":"purchasable","13":"product-type-simple"},"_links":{"self":[{"href":"https:\/\/faroguides.com\/en\/wp-json\/wp\/v2\/product\/437","targetHints":{"allow":["GET"]}}],"collection":[{"href":"https:\/\/faroguides.com\/en\/wp-json\/wp\/v2\/product"}],"about":[{"href":"https:\/\/faroguides.com\/en\/wp-json\/wp\/v2\/types\/product"}],"replies":[{"embeddable":true,"href":"https:\/\/faroguides.com\/en\/wp-json\/wp\/v2\/comments?post=437"}],"wp:featuredmedia":[{"embeddable":true,"href":"https:\/\/faroguides.com\/en\/wp-json\/wp\/v2\/media\/818"}],"wp:attachment":[{"href":"https:\/\/faroguides.com\/en\/wp-json\/wp\/v2\/media?parent=437"}],"wp:term":[{"taxonomy":"product_cat","embeddable":true,"href":"https:\/\/faroguides.com\/en\/wp-json\/wp\/v2\/product_cat?post=437"},{"taxonomy":"product_tag","embeddable":true,"href":"https:\/\/faroguides.com\/en\/wp-json\/wp\/v2\/product_tag?post=437"}],"curies":[{"name":"wp","href":"https:\/\/api.w.org\/{rel}","templated":true}]}}